{"id":51,"date":"2020-04-14T19:19:06","date_gmt":"2020-04-14T17:19:06","guid":{"rendered":"https:\/\/lehencotebasque.fr\/?page_id=51"},"modified":"2020-11-06T22:49:38","modified_gmt":"2020-11-06T21:49:38","slug":"qualite","status":"publish","type":"page","link":"https:\/\/lehencotebasque.fr\/index.php\/qualite\/","title":{"rendered":""},"content":{"rendered":"\t\t<div data-elementor-type=\"wp-page\" data-elementor-id=\"51\" class=\"elementor elementor-51\" data-elementor-settings=\"[]\">\n\t\t\t<div class=\"elementor-inner\">\n\t\t\t\t<div class=\"elementor-section-wrap\">\n\t\t\t\t\t\t\t<section class=\"elementor-element elementor-element-cf142d5 elementor-section-boxed elementor-section-height-default elementor-section-height-default elementor-section elementor-top-section\" data-id=\"cf142d5\" data-element_type=\"section\">\n\t\t\t\t\t\t<div class=\"elementor-container elementor-column-gap-default\">\n\t\t\t\t<div class=\"elementor-row\">\n\t\t\t\t<div class=\"elementor-element elementor-element-ba1db30 elementor-column elementor-col-100 elementor-top-column\" data-id=\"ba1db30\" data-element_type=\"column\">\n\t\t\t<div class=\"elementor-column-wrap  elementor-element-populated\">\n\t\t\t\t\t<div class=\"elementor-widget-wrap\">\n\t\t\t\t<div class=\"elementor-element elementor-element-118e10f elementor-widget elementor-widget-text-editor\" data-id=\"118e10f\" data-element_type=\"widget\" data-widget_type=\"text-editor.default\">\n\t\t\t\t<div class=\"elementor-widget-container\">\n\t\t\t\t\t<div class=\"elementor-text-editor elementor-clearfix\"><p>Nous souhaitons garder l&#8217;authenticit\u00e9 d&#8217;une production ancestrale et souhaitons \u00e9galement \u00eatre pr\u00e9curseur d&#8217;une nouvelle \u00e8re Agricole !<\/p><p>Celle qui respecte l&#8217;environnement et qui ne d\u00e9nature pas notre alimentation !<\/p><\/div>\n\t\t\t\t<\/div>\n\t\t\t\t<\/div>\n\t\t\t\t<div class=\"elementor-element elementor-element-ebfdb2f elementor-widget elementor-widget-divider\" data-id=\"ebfdb2f\" data-element_type=\"widget\" data-widget_type=\"divider.default\">\n\t\t\t\t<div class=\"elementor-widget-container\">\n\t\t\t\t\t<div class=\"elementor-divider\">\n\t\t\t<span class=\"elementor-divider-separator\">\n\t\t\t\t\t\t<\/span>\n\t\t<\/div>\n\t\t\t\t<\/div>\n\t\t\t\t<\/div>\n\t\t\t\t\t\t<\/div>\n\t\t\t<\/div>\n\t\t<\/div>\n\t\t\t\t\t\t<\/div>\n\t\t\t<\/div>\n\t\t<\/section>\n\t\t\t\t<section class=\"elementor-element elementor-element-5bf4515 elementor-section-boxed elementor-section-height-default elementor-section-height-default elementor-section elementor-top-section\" data-id=\"5bf4515\" data-element_type=\"section\">\n\t\t\t\t\t\t<div class=\"elementor-container elementor-column-gap-default\">\n\t\t\t\t<div class=\"elementor-row\">\n\t\t\t\t<div class=\"elementor-element elementor-element-332b576 elementor-column elementor-col-50 elementor-top-column\" data-id=\"332b576\" data-element_type=\"column\">\n\t\t\t<div class=\"elementor-column-wrap  elementor-element-populated\">\n\t\t\t\t\t<div class=\"elementor-widget-wrap\">\n\t\t\t\t<div class=\"elementor-element elementor-element-0416659 elementor-widget elementor-widget-text-editor\" data-id=\"0416659\" data-element_type=\"widget\" data-widget_type=\"text-editor.default\">\n\t\t\t\t<div class=\"elementor-widget-container\">\n\t\t\t\t\t<div class=\"elementor-text-editor elementor-clearfix\"><p>Nos graines sont arros\u00e9es par l&#8217;eau pr\u00e9alablement filtr\u00e9e !<\/p><p>-&gt; R\u00e9duction des \u00e9l\u00e9ments polluants = go\u00fbt et sant\u00e9<\/p><p>-&gt; r\u00e9duction des charges \u00e9colonomiques<\/p><\/div>\n\t\t\t\t<\/div>\n\t\t\t\t<\/div>\n\t\t\t\t\t\t<\/div>\n\t\t\t<\/div>\n\t\t<\/div>\n\t\t\t\t<div class=\"elementor-element elementor-element-ae9dec8 elementor-column elementor-col-50 elementor-top-column\" data-id=\"ae9dec8\" data-element_type=\"column\">\n\t\t\t<div class=\"elementor-column-wrap  elementor-element-populated\">\n\t\t\t\t\t<div class=\"elementor-widget-wrap\">\n\t\t\t\t<div class=\"elementor-element elementor-element-2da6852 elementor-widget elementor-widget-image\" data-id=\"2da6852\" data-element_type=\"widget\" data-widget_type=\"image.default\">\n\t\t\t\t<div class=\"elementor-widget-container\">\n\t\t\t\t\t<div class=\"elementor-image\">\n\t\t\t\t\t\t\t\t\t\t<img width=\"525\" height=\"364\" src=\"https:\/\/lehencotebasque.fr\/wp-content\/uploads\/2020\/04\/Diapositive2-1024x709.jpg\" class=\"attachment-large size-large\" alt=\"\" loading=\"lazy\" srcset=\"https:\/\/lehencotebasque.fr\/wp-content\/uploads\/2020\/04\/Diapositive2-1024x709.jpg 1024w, https:\/\/lehencotebasque.fr\/wp-content\/uploads\/2020\/04\/Diapositive2-300x208.jpg 300w, https:\/\/lehencotebasque.fr\/wp-content\/uploads\/2020\/04\/Diapositive2-768x532.jpg 768w, https:\/\/lehencotebasque.fr\/wp-content\/uploads\/2020\/04\/Diapositive2.jpg 1040w\" sizes=\"100vw\" \/>\t\t\t\t\t\t\t\t\t\t\t<\/div>\n\t\t\t\t<\/div>\n\t\t\t\t<\/div>\n\t\t\t\t\t\t<\/div>\n\t\t\t<\/div>\n\t\t<\/div>\n\t\t\t\t\t\t<\/div>\n\t\t\t<\/div>\n\t\t<\/section>\n\t\t\t\t<section class=\"elementor-element elementor-element-e68c169 elementor-section-boxed elementor-section-height-default elementor-section-height-default elementor-section elementor-top-section\" data-id=\"e68c169\" data-element_type=\"section\">\n\t\t\t\t\t\t<div class=\"elementor-container elementor-column-gap-default\">\n\t\t\t\t<div class=\"elementor-row\">\n\t\t\t\t<div class=\"elementor-element elementor-element-3490a2b elementor-column elementor-col-100 elementor-top-column\" data-id=\"3490a2b\" data-element_type=\"column\">\n\t\t\t<div class=\"elementor-column-wrap  elementor-element-populated\">\n\t\t\t\t\t<div class=\"elementor-widget-wrap\">\n\t\t\t\t<div class=\"elementor-element elementor-element-79af08d elementor-widget elementor-widget-divider\" data-id=\"79af08d\" data-element_type=\"widget\" data-widget_type=\"divider.default\">\n\t\t\t\t<div class=\"elementor-widget-container\">\n\t\t\t\t\t<div class=\"elementor-divider\">\n\t\t\t<span class=\"elementor-divider-separator\">\n\t\t\t\t\t\t<\/span>\n\t\t<\/div>\n\t\t\t\t<\/div>\n\t\t\t\t<\/div>\n\t\t\t\t\t\t<\/div>\n\t\t\t<\/div>\n\t\t<\/div>\n\t\t\t\t\t\t<\/div>\n\t\t\t<\/div>\n\t\t<\/section>\n\t\t\t\t<section class=\"elementor-element elementor-element-df2f34f elementor-section-boxed elementor-section-height-default elementor-section-height-default elementor-section elementor-top-section\" data-id=\"df2f34f\" data-element_type=\"section\">\n\t\t\t\t\t\t<div class=\"elementor-container elementor-column-gap-default\">\n\t\t\t\t<div class=\"elementor-row\">\n\t\t\t\t<div class=\"elementor-element elementor-element-118a18b elementor-column elementor-col-50 elementor-top-column\" data-id=\"118a18b\" data-element_type=\"column\">\n\t\t\t<div class=\"elementor-column-wrap  elementor-element-populated\">\n\t\t\t\t\t<div class=\"elementor-widget-wrap\">\n\t\t\t\t<div class=\"elementor-element elementor-element-bad06af elementor-widget elementor-widget-image\" data-id=\"bad06af\" data-element_type=\"widget\" data-widget_type=\"image.default\">\n\t\t\t\t<div class=\"elementor-widget-container\">\n\t\t\t\t\t<div class=\"elementor-image\">\n\t\t\t\t\t\t\t\t\t\t<img width=\"525\" height=\"364\" src=\"https:\/\/lehencotebasque.fr\/wp-content\/uploads\/2020\/04\/Diapositive1-1024x709.jpg\" class=\"attachment-large size-large\" alt=\"\" loading=\"lazy\" srcset=\"https:\/\/lehencotebasque.fr\/wp-content\/uploads\/2020\/04\/Diapositive1-1024x709.jpg 1024w, https:\/\/lehencotebasque.fr\/wp-content\/uploads\/2020\/04\/Diapositive1-300x208.jpg 300w, https:\/\/lehencotebasque.fr\/wp-content\/uploads\/2020\/04\/Diapositive1-768x532.jpg 768w, https:\/\/lehencotebasque.fr\/wp-content\/uploads\/2020\/04\/Diapositive1.jpg 1040w\" sizes=\"100vw\" \/>\t\t\t\t\t\t\t\t\t\t\t<\/div>\n\t\t\t\t<\/div>\n\t\t\t\t<\/div>\n\t\t\t\t\t\t<\/div>\n\t\t\t<\/div>\n\t\t<\/div>\n\t\t\t\t<div class=\"elementor-element elementor-element-94c2b4f elementor-column elementor-col-50 elementor-top-column\" data-id=\"94c2b4f\" data-element_type=\"column\">\n\t\t\t<div class=\"elementor-column-wrap  elementor-element-populated\">\n\t\t\t\t\t<div class=\"elementor-widget-wrap\">\n\t\t\t\t<div class=\"elementor-element elementor-element-adcef02 elementor-widget elementor-widget-text-editor\" data-id=\"adcef02\" data-element_type=\"widget\" data-widget_type=\"text-editor.default\">\n\t\t\t\t<div class=\"elementor-widget-container\">\n\t\t\t\t\t<div class=\"elementor-text-editor elementor-clearfix\"><p>Nos graines germent \u00e0 la lumi\u00e8re du soleil et non pas artificielle&#8230; <\/p><p>-&gt; synth\u00e8se des vitamines<\/p><p>-&gt; diminution des charges \u00e9colonomiques<\/p><\/div>\n\t\t\t\t<\/div>\n\t\t\t\t<\/div>\n\t\t\t\t\t\t<\/div>\n\t\t\t<\/div>\n\t\t<\/div>\n\t\t\t\t\t\t<\/div>\n\t\t\t<\/div>\n\t\t<\/section>\n\t\t\t\t<section class=\"elementor-element elementor-element-d0d6278 elementor-section-boxed elementor-section-height-default elementor-section-height-default elementor-section elementor-top-section\" data-id=\"d0d6278\" data-element_type=\"section\">\n\t\t\t\t\t\t<div class=\"elementor-container elementor-column-gap-default\">\n\t\t\t\t<div class=\"elementor-row\">\n\t\t\t\t<div class=\"elementor-element elementor-element-2bbd6ca elementor-column elementor-col-100 elementor-top-column\" data-id=\"2bbd6ca\" data-element_type=\"column\">\n\t\t\t<div class=\"elementor-column-wrap  elementor-element-populated\">\n\t\t\t\t\t<div class=\"elementor-widget-wrap\">\n\t\t\t\t<div class=\"elementor-element elementor-element-b78b281 elementor-widget elementor-widget-divider\" data-id=\"b78b281\" data-element_type=\"widget\" data-widget_type=\"divider.default\">\n\t\t\t\t<div class=\"elementor-widget-container\">\n\t\t\t\t\t<div class=\"elementor-divider\">\n\t\t\t<span class=\"elementor-divider-separator\">\n\t\t\t\t\t\t<\/span>\n\t\t<\/div>\n\t\t\t\t<\/div>\n\t\t\t\t<\/div>\n\t\t\t\t<div class=\"elementor-element elementor-element-1e90fa6 elementor-widget elementor-widget-image\" data-id=\"1e90fa6\" data-element_type=\"widget\" data-widget_type=\"image.default\">\n\t\t\t\t<div class=\"elementor-widget-container\">\n\t\t\t\t\t<div class=\"elementor-image\">\n\t\t\t\t\t\t\t\t\t\t<img width=\"525\" height=\"364\" src=\"https:\/\/lehencotebasque.fr\/wp-content\/uploads\/2020\/04\/image-insta-graphic-1024x709.jpg\" class=\"attachment-large size-large\" alt=\"\" loading=\"lazy\" srcset=\"https:\/\/lehencotebasque.fr\/wp-content\/uploads\/2020\/04\/image-insta-graphic-1024x709.jpg 1024w, https:\/\/lehencotebasque.fr\/wp-content\/uploads\/2020\/04\/image-insta-graphic-300x208.jpg 300w, https:\/\/lehencotebasque.fr\/wp-content\/uploads\/2020\/04\/image-insta-graphic-768x532.jpg 768w, https:\/\/lehencotebasque.fr\/wp-content\/uploads\/2020\/04\/image-insta-graphic.jpg 1040w\" sizes=\"100vw\" \/>\t\t\t\t\t\t\t\t\t\t\t<\/div>\n\t\t\t\t<\/div>\n\t\t\t\t<\/div>\n\t\t\t\t\t\t<\/div>\n\t\t\t<\/div>\n\t\t<\/div>\n\t\t\t\t\t\t<\/div>\n\t\t\t<\/div>\n\t\t<\/section>\n\t\t\t\t<section class=\"elementor-element elementor-element-b12b4bc elementor-section-boxed elementor-section-height-default elementor-section-height-default elementor-section elementor-top-section\" data-id=\"b12b4bc\" data-element_type=\"section\">\n\t\t\t\t\t\t<div class=\"elementor-container elementor-column-gap-default\">\n\t\t\t\t<div class=\"elementor-row\">\n\t\t\t\t<div class=\"elementor-element elementor-element-4e3093e elementor-column elementor-col-100 elementor-top-column\" data-id=\"4e3093e\" data-element_type=\"column\">\n\t\t\t<div class=\"elementor-column-wrap  elementor-element-populated\">\n\t\t\t\t\t<div class=\"elementor-widget-wrap\">\n\t\t\t\t<div class=\"elementor-element elementor-element-7dd08e0 elementor-widget elementor-widget-text-editor\" data-id=\"7dd08e0\" data-element_type=\"widget\" data-widget_type=\"text-editor.default\">\n\t\t\t\t<div class=\"elementor-widget-container\">\n\t\t\t\t\t<div class=\"elementor-text-editor elementor-clearfix\"><p>Nos r\u00e9coltes sont faites \u00e0 la main.<\/p><p>Afin de s\u00e9lectionner le meilleur pour vous !<\/p><\/div>\n\t\t\t\t<\/div>\n\t\t\t\t<\/div>\n\t\t\t\t<div class=\"elementor-element elementor-element-35a7dd1 elementor-widget elementor-widget-divider\" data-id=\"35a7dd1\" data-element_type=\"widget\" data-widget_type=\"divider.default\">\n\t\t\t\t<div class=\"elementor-widget-container\">\n\t\t\t\t\t<div class=\"elementor-divider\">\n\t\t\t<span class=\"elementor-divider-separator\">\n\t\t\t\t\t\t<\/span>\n\t\t<\/div>\n\t\t\t\t<\/div>\n\t\t\t\t<\/div>\n\t\t\t\t\t\t<\/div>\n\t\t\t<\/div>\n\t\t<\/div>\n\t\t\t\t\t\t<\/div>\n\t\t\t<\/div>\n\t\t<\/section>\n\t\t\t\t\t\t<\/div>\n\t\t\t<\/div>\n\t\t<\/div>\n\t\t","protected":false},"excerpt":{"rendered":"<p>Nous souhaitons garder l&#8217;authenticit\u00e9 d&#8217;une production ancestrale et souhaitons \u00e9galement \u00eatre pr\u00e9curseur d&#8217;une nouvelle \u00e8re Agricole ! Celle qui respecte l&#8217;environnement et qui ne d\u00e9nature pas notre alimentation ! Nos graines sont arros\u00e9es par l&#8217;eau pr\u00e9alablement filtr\u00e9e ! -&gt; R\u00e9duction des \u00e9l\u00e9ments polluants = go\u00fbt et sant\u00e9 -&gt; r\u00e9duction des charges \u00e9colonomiques Nos graines germent &hellip; <\/p>\n<p class=\"link-more\"><a href=\"https:\/\/lehencotebasque.fr\/index.php\/qualite\/\" class=\"more-link\">Continuer la lecture<span class=\"screen-reader-text\"> de &laquo;&nbsp;&nbsp;&raquo;<\/span><\/a><\/p>\n","protected":false},"author":1,"featured_media":0,"parent":0,"menu_order":0,"comment_status":"closed","ping_status":"closed","template":"","meta":[],"_links":{"self":[{"href":"https:\/\/lehencotebasque.fr\/index.php\/wp-json\/wp\/v2\/pages\/51"}],"collection":[{"href":"https:\/\/lehencotebasque.fr\/index.php\/wp-json\/wp\/v2\/pages"}],"about":[{"href":"https:\/\/lehencotebasque.fr\/index.php\/wp-json\/wp\/v2\/types\/page"}],"author":[{"embeddable":true,"href":"https:\/\/lehencotebasque.fr\/index.php\/wp-json\/wp\/v2\/users\/1"}],"replies":[{"embeddable":true,"href":"https:\/\/lehencotebasque.fr\/index.php\/wp-json\/wp\/v2\/comments?post=51"}],"version-history":[{"count":7,"href":"https:\/\/lehencotebasque.fr\/index.php\/wp-json\/wp\/v2\/pages\/51\/revisions"}],"predecessor-version":[{"id":153,"href":"https:\/\/lehencotebasque.fr\/index.php\/wp-json\/wp\/v2\/pages\/51\/revisions\/153"}],"wp:attachment":[{"href":"https:\/\/lehencotebasque.fr\/index.php\/wp-json\/wp\/v2\/media?parent=51"}],"curies":[{"name":"wp","href":"https:\/\/api.w.org\/{rel}","templated":true}]}}