{"id":49,"date":"2020-04-14T19:19:06","date_gmt":"2020-04-14T17:19:06","guid":{"rendered":"https:\/\/lehencotebasque.fr\/?page_id=49"},"modified":"2020-11-06T22:39:22","modified_gmt":"2020-11-06T21:39:22","slug":"savoir-faire","status":"publish","type":"page","link":"https:\/\/lehencotebasque.fr\/index.php\/savoir-faire\/","title":{"rendered":""},"content":{"rendered":"\t\t<div data-elementor-type=\"wp-page\" data-elementor-id=\"49\" class=\"elementor elementor-49\" data-elementor-settings=\"[]\">\n\t\t\t<div class=\"elementor-inner\">\n\t\t\t\t<div class=\"elementor-section-wrap\">\n\t\t\t\t\t\t\t<section class=\"elementor-element elementor-element-8d21257 elementor-section-boxed elementor-section-height-default elementor-section-height-default elementor-section elementor-top-section\" data-id=\"8d21257\" data-element_type=\"section\">\n\t\t\t\t\t\t<div class=\"elementor-container elementor-column-gap-default\">\n\t\t\t\t<div class=\"elementor-row\">\n\t\t\t\t<div class=\"elementor-element elementor-element-37dd1fb elementor-column elementor-col-100 elementor-top-column\" data-id=\"37dd1fb\" data-element_type=\"column\">\n\t\t\t<div class=\"elementor-column-wrap  elementor-element-populated\">\n\t\t\t\t\t<div class=\"elementor-widget-wrap\">\n\t\t\t\t<div class=\"elementor-element elementor-element-652add5 elementor-widget elementor-widget-image\" data-id=\"652add5\" data-element_type=\"widget\" data-widget_type=\"image.default\">\n\t\t\t\t<div class=\"elementor-widget-container\">\n\t\t\t\t\t<div class=\"elementor-image\">\n\t\t\t\t\t\t\t\t\t\t<img width=\"525\" height=\"787\" src=\"https:\/\/lehencotebasque.fr\/wp-content\/uploads\/2020\/04\/IMG_2034-1-683x1024.png\" class=\"attachment-large size-large\" alt=\"\" loading=\"lazy\" srcset=\"https:\/\/lehencotebasque.fr\/wp-content\/uploads\/2020\/04\/IMG_2034-1-683x1024.png 683w, https:\/\/lehencotebasque.fr\/wp-content\/uploads\/2020\/04\/IMG_2034-1-200x300.png 200w, https:\/\/lehencotebasque.fr\/wp-content\/uploads\/2020\/04\/IMG_2034-1-768x1152.png 768w, https:\/\/lehencotebasque.fr\/wp-content\/uploads\/2020\/04\/IMG_2034-1-1024x1536.png 1024w, https:\/\/lehencotebasque.fr\/wp-content\/uploads\/2020\/04\/IMG_2034-1-1365x2048.png 1365w\" sizes=\"100vw\" \/>\t\t\t\t\t\t\t\t\t\t\t<\/div>\n\t\t\t\t<\/div>\n\t\t\t\t<\/div>\n\t\t\t\t\t\t<\/div>\n\t\t\t<\/div>\n\t\t<\/div>\n\t\t\t\t\t\t<\/div>\n\t\t\t<\/div>\n\t\t<\/section>\n\t\t\t\t<section class=\"elementor-element elementor-element-f4c95d1 elementor-section-boxed elementor-section-height-default elementor-section-height-default elementor-section elementor-top-section\" data-id=\"f4c95d1\" data-element_type=\"section\">\n\t\t\t\t\t\t<div class=\"elementor-container elementor-column-gap-default\">\n\t\t\t\t<div class=\"elementor-row\">\n\t\t\t\t<div class=\"elementor-element elementor-element-ff949bf elementor-column elementor-col-100 elementor-top-column\" data-id=\"ff949bf\" data-element_type=\"column\">\n\t\t\t<div class=\"elementor-column-wrap  elementor-element-populated\">\n\t\t\t\t\t<div class=\"elementor-widget-wrap\">\n\t\t\t\t<div class=\"elementor-element elementor-element-4d6cccb elementor-widget elementor-widget-spacer\" data-id=\"4d6cccb\" data-element_type=\"widget\" data-widget_type=\"spacer.default\">\n\t\t\t\t<div class=\"elementor-widget-container\">\n\t\t\t\t\t<div class=\"elementor-spacer\">\n\t\t\t<div class=\"elementor-spacer-inner\"><\/div>\n\t\t<\/div>\n\t\t\t\t<\/div>\n\t\t\t\t<\/div>\n\t\t\t\t<div class=\"elementor-element elementor-element-54b6096 elementor-widget elementor-widget-divider\" data-id=\"54b6096\" data-element_type=\"widget\" data-widget_type=\"divider.default\">\n\t\t\t\t<div class=\"elementor-widget-container\">\n\t\t\t\t\t<div class=\"elementor-divider\">\n\t\t\t<span class=\"elementor-divider-separator\">\n\t\t\t\t\t\t<\/span>\n\t\t<\/div>\n\t\t\t\t<\/div>\n\t\t\t\t<\/div>\n\t\t\t\t<div class=\"elementor-element elementor-element-7fbb54c elementor-widget elementor-widget-text-editor\" data-id=\"7fbb54c\" data-element_type=\"widget\" data-widget_type=\"text-editor.default\">\n\t\t\t\t<div class=\"elementor-widget-container\">\n\t\t\t\t\t<div class=\"elementor-text-editor elementor-clearfix\"><p class=\"description\"><strong>Lehen<\/strong> est en qu\u00eate permanente de nouvelles id\u00e9es afin de satisfaire vos <strong>envies<\/strong> et vos besoins de <strong>fraicheur<\/strong><\/p><p class=\"description\">Nos graines germ\u00e9es et micro-pousses sont <strong>cultiv\u00e9es naturellement<\/strong> et sont d\u2019une <strong>qualit\u00e9<\/strong> et d\u2019une <strong>fraicheur<\/strong> irr\u00e9prochable<\/p><p class=\"description\">C&#8217;est un v\u00e9ritable concentr\u00e9 de l\u00e9gume et de plante dans une petite <strong>pousse vivante<\/strong><\/p><p class=\"description\">pour une d\u00e9couverte visuelle et gustative !<\/p><\/div>\n\t\t\t\t<\/div>\n\t\t\t\t<\/div>\n\t\t\t\t<div class=\"elementor-element elementor-element-6a3ce5a elementor-widget elementor-widget-divider\" data-id=\"6a3ce5a\" data-element_type=\"widget\" data-widget_type=\"divider.default\">\n\t\t\t\t<div class=\"elementor-widget-container\">\n\t\t\t\t\t<div class=\"elementor-divider\">\n\t\t\t<span class=\"elementor-divider-separator\">\n\t\t\t\t\t\t<\/span>\n\t\t<\/div>\n\t\t\t\t<\/div>\n\t\t\t\t<\/div>\n\t\t\t\t\t\t<\/div>\n\t\t\t<\/div>\n\t\t<\/div>\n\t\t\t\t\t\t<\/div>\n\t\t\t<\/div>\n\t\t<\/section>\n\t\t\t\t<section class=\"elementor-element elementor-element-03a5f87 elementor-section-boxed elementor-section-height-default elementor-section-height-default elementor-section elementor-top-section\" data-id=\"03a5f87\" data-element_type=\"section\">\n\t\t\t\t\t\t<div class=\"elementor-container elementor-column-gap-default\">\n\t\t\t\t<div class=\"elementor-row\">\n\t\t\t\t<div class=\"elementor-element elementor-element-9f22a27 elementor-column elementor-col-100 elementor-top-column\" data-id=\"9f22a27\" data-element_type=\"column\">\n\t\t\t<div class=\"elementor-column-wrap  elementor-element-populated\">\n\t\t\t\t\t<div class=\"elementor-widget-wrap\">\n\t\t\t\t<div class=\"elementor-element elementor-element-5fc8f27 elementor-widget elementor-widget-image\" data-id=\"5fc8f27\" data-element_type=\"widget\" data-widget_type=\"image.default\">\n\t\t\t\t<div class=\"elementor-widget-container\">\n\t\t\t\t\t<div class=\"elementor-image\">\n\t\t\t\t\t\t\t\t\t\t<img width=\"525\" height=\"787\" src=\"https:\/\/lehencotebasque.fr\/wp-content\/uploads\/2020\/04\/IMG_1694-683x1024.png\" class=\"attachment-large size-large\" alt=\"\" loading=\"lazy\" srcset=\"https:\/\/lehencotebasque.fr\/wp-content\/uploads\/2020\/04\/IMG_1694-683x1024.png 683w, https:\/\/lehencotebasque.fr\/wp-content\/uploads\/2020\/04\/IMG_1694-200x300.png 200w, https:\/\/lehencotebasque.fr\/wp-content\/uploads\/2020\/04\/IMG_1694-768x1152.png 768w, https:\/\/lehencotebasque.fr\/wp-content\/uploads\/2020\/04\/IMG_1694-1024x1536.png 1024w, https:\/\/lehencotebasque.fr\/wp-content\/uploads\/2020\/04\/IMG_1694-1365x2048.png 1365w\" sizes=\"100vw\" \/>\t\t\t\t\t\t\t\t\t\t\t<\/div>\n\t\t\t\t<\/div>\n\t\t\t\t<\/div>\n\t\t\t\t<div class=\"elementor-element elementor-element-9230e99 elementor-widget elementor-widget-divider\" data-id=\"9230e99\" data-element_type=\"widget\" data-widget_type=\"divider.default\">\n\t\t\t\t<div class=\"elementor-widget-container\">\n\t\t\t\t\t<div class=\"elementor-divider\">\n\t\t\t<span class=\"elementor-divider-separator\">\n\t\t\t\t\t\t<\/span>\n\t\t<\/div>\n\t\t\t\t<\/div>\n\t\t\t\t<\/div>\n\t\t\t\t\t\t<\/div>\n\t\t\t<\/div>\n\t\t<\/div>\n\t\t\t\t\t\t<\/div>\n\t\t\t<\/div>\n\t\t<\/section>\n\t\t\t\t<section class=\"elementor-element elementor-element-24b5fba elementor-section-boxed elementor-section-height-default elementor-section-height-default elementor-section elementor-top-section\" data-id=\"24b5fba\" data-element_type=\"section\">\n\t\t\t\t\t\t<div class=\"elementor-container elementor-column-gap-default\">\n\t\t\t\t<div class=\"elementor-row\">\n\t\t\t\t<div class=\"elementor-element elementor-element-d018014 elementor-column elementor-col-100 elementor-top-column\" data-id=\"d018014\" data-element_type=\"column\">\n\t\t\t<div class=\"elementor-column-wrap  elementor-element-populated\">\n\t\t\t\t\t<div class=\"elementor-widget-wrap\">\n\t\t\t\t<div class=\"elementor-element elementor-element-fad6bdf elementor-widget elementor-widget-text-editor\" data-id=\"fad6bdf\" data-element_type=\"widget\" data-widget_type=\"text-editor.default\">\n\t\t\t\t<div class=\"elementor-widget-container\">\n\t\t\t\t\t<div class=\"elementor-text-editor elementor-clearfix\"><p class=\"description\">Sans engrais ni pesticide, \u00e0 l\u2019abri des pluies acides et de la pollution, notre production s\u2019\u00e9tend sur <strong>150 m2<\/strong> de culture couverte, sans terre.<\/p><p class=\"description\">L\u2019alimentation vivante constitue une richesse en <strong>nutriments<\/strong> et nos produits prennent tout leur sens dans un mode de consommation v\u00e9g\u00e9tal\u00a0<strong>ultra-frais<\/strong> et <strong>cru<\/strong>.<\/p><p class=\"description\"><strong>Graines germ\u00e9es<\/strong> et <strong>micro-pousses<\/strong>, produites avec le plus grand soin,\u00a0 tout en respectant <strong>l\u2019environnement<\/strong>.<\/p><\/div>\n\t\t\t\t<\/div>\n\t\t\t\t<\/div>\n\t\t\t\t<div class=\"elementor-element elementor-element-8f26f6b elementor-widget elementor-widget-divider\" data-id=\"8f26f6b\" data-element_type=\"widget\" data-widget_type=\"divider.default\">\n\t\t\t\t<div class=\"elementor-widget-container\">\n\t\t\t\t\t<div class=\"elementor-divider\">\n\t\t\t<span class=\"elementor-divider-separator\">\n\t\t\t\t\t\t<\/span>\n\t\t<\/div>\n\t\t\t\t<\/div>\n\t\t\t\t<\/div>\n\t\t\t\t\t\t<\/div>\n\t\t\t<\/div>\n\t\t<\/div>\n\t\t\t\t\t\t<\/div>\n\t\t\t<\/div>\n\t\t<\/section>\n\t\t\t\t<section class=\"elementor-element elementor-element-b10693b elementor-section-boxed elementor-section-height-default elementor-section-height-default elementor-section elementor-top-section\" data-id=\"b10693b\" data-element_type=\"section\">\n\t\t\t\t\t\t<div class=\"elementor-container elementor-column-gap-default\">\n\t\t\t\t<div class=\"elementor-row\">\n\t\t\t\t<div class=\"elementor-element elementor-element-4cd0f4a elementor-column elementor-col-100 elementor-top-column\" data-id=\"4cd0f4a\" data-element_type=\"column\">\n\t\t\t<div class=\"elementor-column-wrap  elementor-element-populated\">\n\t\t\t\t\t<div class=\"elementor-widget-wrap\">\n\t\t\t\t<div class=\"elementor-element elementor-element-feb0b8a elementor-widget elementor-widget-image\" data-id=\"feb0b8a\" data-element_type=\"widget\" data-widget_type=\"image.default\">\n\t\t\t\t<div class=\"elementor-widget-container\">\n\t\t\t\t\t<div class=\"elementor-image\">\n\t\t\t\t\t\t\t\t\t\t<img width=\"525\" height=\"350\" src=\"https:\/\/lehencotebasque.fr\/wp-content\/uploads\/2020\/11\/IMG_3550-1-1024x683.jpg\" class=\"attachment-large size-large\" alt=\"\" loading=\"lazy\" srcset=\"https:\/\/lehencotebasque.fr\/wp-content\/uploads\/2020\/11\/IMG_3550-1-1024x683.jpg 1024w, https:\/\/lehencotebasque.fr\/wp-content\/uploads\/2020\/11\/IMG_3550-1-300x200.jpg 300w, https:\/\/lehencotebasque.fr\/wp-content\/uploads\/2020\/11\/IMG_3550-1-768x512.jpg 768w, https:\/\/lehencotebasque.fr\/wp-content\/uploads\/2020\/11\/IMG_3550-1-1536x1024.jpg 1536w, https:\/\/lehencotebasque.fr\/wp-content\/uploads\/2020\/11\/IMG_3550-1-2048x1365.jpg 2048w\" sizes=\"100vw\" \/>\t\t\t\t\t\t\t\t\t\t\t<\/div>\n\t\t\t\t<\/div>\n\t\t\t\t<\/div>\n\t\t\t\t\t\t<\/div>\n\t\t\t<\/div>\n\t\t<\/div>\n\t\t\t\t\t\t<\/div>\n\t\t\t<\/div>\n\t\t<\/section>\n\t\t\t\t\t\t<\/div>\n\t\t\t<\/div>\n\t\t<\/div>\n\t\t","protected":false},"excerpt":{"rendered":"<p>Lehen est en qu\u00eate permanente de nouvelles id\u00e9es afin de satisfaire vos envies et vos besoins de fraicheur Nos graines germ\u00e9es et micro-pousses sont cultiv\u00e9es naturellement et sont d\u2019une qualit\u00e9 et d\u2019une fraicheur irr\u00e9prochable C&#8217;est un v\u00e9ritable concentr\u00e9 de l\u00e9gume et de plante dans une petite pousse vivante pour une d\u00e9couverte visuelle et gustative ! &hellip; <\/p>\n<p class=\"link-more\"><a href=\"https:\/\/lehencotebasque.fr\/index.php\/savoir-faire\/\" class=\"more-link\">Continuer la lecture<span class=\"screen-reader-text\"> de &laquo;&nbsp;&nbsp;&raquo;<\/span><\/a><\/p>\n","protected":false},"author":1,"featured_media":0,"parent":0,"menu_order":0,"comment_status":"closed","ping_status":"closed","template":"","meta":[],"_links":{"self":[{"href":"https:\/\/lehencotebasque.fr\/index.php\/wp-json\/wp\/v2\/pages\/49"}],"collection":[{"href":"https:\/\/lehencotebasque.fr\/index.php\/wp-json\/wp\/v2\/pages"}],"about":[{"href":"https:\/\/lehencotebasque.fr\/index.php\/wp-json\/wp\/v2\/types\/page"}],"author":[{"embeddable":true,"href":"https:\/\/lehencotebasque.fr\/index.php\/wp-json\/wp\/v2\/users\/1"}],"replies":[{"embeddable":true,"href":"https:\/\/lehencotebasque.fr\/index.php\/wp-json\/wp\/v2\/comments?post=49"}],"version-history":[{"count":8,"href":"https:\/\/lehencotebasque.fr\/index.php\/wp-json\/wp\/v2\/pages\/49\/revisions"}],"predecessor-version":[{"id":150,"href":"https:\/\/lehencotebasque.fr\/index.php\/wp-json\/wp\/v2\/pages\/49\/revisions\/150"}],"wp:attachment":[{"href":"https:\/\/lehencotebasque.fr\/index.php\/wp-json\/wp\/v2\/media?parent=49"}],"curies":[{"name":"wp","href":"https:\/\/api.w.org\/{rel}","templated":true}]}}